{"id":1860,"date":"2020-01-22T09:12:13","date_gmt":"2020-01-22T14:12:13","guid":{"rendered":"https:\/\/toptutorat.com\/?page_id=1860"},"modified":"2024-03-07T09:44:29","modified_gmt":"2024-03-07T14:44:29","slug":"home-2","status":"publish","type":"page","link":"https:\/\/toptutorat.com\/fr\/","title":{"rendered":"Accueil"},"content":{"rendered":"<div class=\"wpb-content-wrapper\"><p>[vc_row][vc_column][rev_slider_vc alias=\u00a0\u00bbhome-2-fr\u00a0\u00bb][\/vc_column][\/vc_row][vc_row equal_height=\u00a0\u00bbyes\u00a0\u00bb el_class=\u00a0\u00bbvc_row-no-padding\u00a0\u00bb][vc_column width=\u00a0\u00bb1\/4&Prime; css=\u00a0\u00bb.vc_custom_1579014081997{padding-top: 40px !important;padding-right: 30px !important;padding-bottom: 40px !important;padding-left: 30px !important;background-color: #febc44 !important;}\u00a0\u00bb el_class=\u00a0\u00bbcol-md-3 col-sm-6&Prime;][vc_column_text]TUTORAT PRIV\u00c9<\/p>\n<p>Des tuteurs qualifi\u00e9s pour travailler individuellement avec votre enfant! Niveaux pr\u00e9scolaire, primaire et secondaire[\/vc_column_text][\/vc_column][vc_column width=\u00a0\u00bb1\/4&Prime; css=\u00a0\u00bb.vc_custom_1579615863285{padding-top: 40px !important;padding-right: 30px !important;padding-bottom: 40px !important;padding-left: 30px !important;background-color: #2ab0f7 !important;}\u00a0\u00bb el_class=\u00a0\u00bbcol-md-3 col-sm-6&Prime;][vc_column_text]MENTORAT TOP-ENFANTS<\/p>\n<p>Top-Enfants est un programme de mentorat pour les enfants \u00e2g\u00e9s de 5 \u00e0 13 ans.[\/vc_column_text][\/vc_column][vc_column width=\u00a0\u00bb1\/4&Prime; css=\u00a0\u00bb.vc_custom_1579615853950{padding-top: 40px !important;padding-right: 30px !important;padding-bottom: 40px !important;padding-left: 30px !important;background-color: #febc44 !important;}\u00a0\u00bb el_class=\u00a0\u00bbcol-md-3 col-sm-6&Prime;][vc_column_text]NOTRE \u00c9QUIPE<\/p>\n<p>Top-Tutorat fut fier laur\u00e9at du D\u00e9fi Ose Entreprendre dans le secteur de l&rsquo;ouest de l&rsquo;ile dans la cat\u00e9gorie des Services aux individus en 2017.[\/vc_column_text][\/vc_column][vc_column width=\u00a0\u00bb1\/4&Prime; css=\u00a0\u00bb.vc_custom_1579615869781{padding-top: 40px !important;padding-right: 30px !important;padding-bottom: 40px !important;padding-left: 30px !important;background-color: #2ab0f7 !important;}\u00a0\u00bb el_class=\u00a0\u00bbcol-md-3 col-sm-6&Prime;][vc_column_text]NOTRE EMPLACEMENT<\/p>\n<p>Nous sommes situ\u00e9s \u00e0 la Plaza Pointe-Claire, 269 Boul. Saint-Jean, Suite 210 (au 2e \u00e9tage) Pointe-Claire, QC[\/vc_column_text][\/vc_column][\/vc_row][vc_row][vc_column][vc_single_image image=\u00a0\u00bb1795&Prime; img_size=\u00a0\u00bbfull\u00a0\u00bb alignment=\u00a0\u00bbcenter\u00a0\u00bb el_class=\u00a0\u00bbcertification-logo-home\u00a0\u00bb][\/vc_column][\/vc_row]<\/p>\n<\/div>","protected":false},"excerpt":{"rendered":"<p>[vc_row][vc_column][rev_slider_vc alias=\u00a0\u00bbhome-2-fr\u00a0\u00bb][\/vc_column][\/vc_row][vc_row equal_height=\u00a0\u00bbyes\u00a0\u00bb el_class=\u00a0\u00bbvc_row-no-padding\u00a0\u00bb][vc_column width=\u00a0\u00bb1\/4&Prime; css=\u00a0\u00bb.vc_custom_1579014081997{padding-top: 40px !important;padding-right: 30px !important;padding-bottom: 40px !important;padding-left: 30px !important;background-color: #febc44 !important;}\u00a0\u00bb el_class=\u00a0\u00bbcol-md-3 col-sm-6&Prime;][vc_column_text]TUTORAT PRIV\u00c9 Des tuteurs qualifi\u00e9s pour travailler individuellement avec votre enfant! Niveaux pr\u00e9scolaire, [&hellip;]<\/p>\n","protected":false},"author":1,"featured_media":0,"parent":0,"menu_order":0,"comment_status":"closed","ping_status":"closed","template":"","meta":{"footnotes":""},"class_list":["post-1860","page","type-page","status-publish","hentry"],"_links":{"self":[{"href":"https:\/\/toptutorat.com\/fr\/wp-json\/wp\/v2\/pages\/1860"}],"collection":[{"href":"https:\/\/toptutorat.com\/fr\/wp-json\/wp\/v2\/pages"}],"about":[{"href":"https:\/\/toptutorat.com\/fr\/wp-json\/wp\/v2\/types\/page"}],"author":[{"embeddable":true,"href":"https:\/\/toptutorat.com\/fr\/wp-json\/wp\/v2\/users\/1"}],"replies":[{"embeddable":true,"href":"https:\/\/toptutorat.com\/fr\/wp-json\/wp\/v2\/comments?post=1860"}],"version-history":[{"count":21,"href":"https:\/\/toptutorat.com\/fr\/wp-json\/wp\/v2\/pages\/1860\/revisions"}],"predecessor-version":[{"id":3310,"href":"https:\/\/toptutorat.com\/fr\/wp-json\/wp\/v2\/pages\/1860\/revisions\/3310"}],"wp:attachment":[{"href":"https:\/\/toptutorat.com\/fr\/wp-json\/wp\/v2\/media?parent=1860"}],"curies":[{"name":"wp","href":"https:\/\/api.w.org\/{rel}","templated":true}]}}