{"id":1954,"date":"2020-01-27T16:13:38","date_gmt":"2020-01-27T21:13:38","guid":{"rendered":"https:\/\/toptutorat.com\/?page_id=1954"},"modified":"2023-08-10T18:23:10","modified_gmt":"2023-08-10T22:23:10","slug":"tutorat","status":"publish","type":"page","link":"https:\/\/toptutorat.com\/fr\/tutorat\/","title":{"rendered":"Tutorat"},"content":{"rendered":"<div class=\"wpb-content-wrapper\"><p>[vc_row css=\u00a0\u00bb.vc_custom_1672844508216{padding-top: 40px !important;padding-right: 20px !important;padding-bottom: 40px !important;padding-left: 20px !important;}\u00a0\u00bb][vc_column width=\u00a0\u00bb1\/2&Prime;][vc_gallery type=\u00a0\u00bbflexslider_slide\u00a0\u00bb interval=\u00a0\u00bb3&Prime; images=\u00a0\u00bb2788,1828,2790,1821,2779,1822,1823,2783,2781,1824,2792,2785,1825,1827&Prime; img_size=\u00a0\u00bblarge\u00a0\u00bb onclick=\u00a0\u00bb\u00a0\u00bb][\/vc_column][vc_column width=\u00a0\u00bb1\/2&Prime;][vc_custom_heading text=\u00a0\u00bbDes tuteurs qualifi\u00e9s pour travailler avec votre enfant\u00a0\u00bb font_container=\u00a0\u00bbtag:h2|font_size:30|text_align:left|color:%23006c98&Prime; google_fonts=\u00a0\u00bbfont_family:Roboto%3A100%2C100italic%2C300%2C300italic%2Cregular%2Citalic%2C500%2C500italic%2C700%2C700italic%2C900%2C900italic|font_style:700%20bold%20regular%3A700%3Anormal\u00a0\u00bb][vc_column_text]<\/p>\n<h5 class=\"remove-pad-bottom\" data-font-weight=\"300\">Nous sommes sp\u00e9cialis\u00e9s dans l&rsquo;enseignement du fran\u00e7ais pour le pr\u00e9scolaire, le primaire et le secondaire.<\/h5>\n<p><strong>Pour les \u00e9tudiants qui ont besoin d&rsquo;aide avec:<\/strong><\/p>\n<ul>\n<li>Les devoirs et les le\u00e7ons<\/li>\n<li>La pr\u00e9paration aux \u00e9valuations<\/li>\n<li>R\u00e9vision et pratique suppl\u00e9mentaire<\/li>\n<li>Explication de la mati\u00e8re<\/li>\n<li>Pour toutes les mati\u00e8res<\/li>\n<\/ul>\n<p>Le tutorat est une aide personnalis\u00e9e pour soutenir l&rsquo;enfant dans son travail scolaire. Le r\u00f4le du tuteur est centr\u00e9 sur le contenu appris par l&rsquo;\u00e9l\u00e8ve. L&rsquo;objectif de ce service est d&rsquo;aider votre enfant \u00e0 suivre le rythme de la classe en lui permettant de revoir et de consolider ce qui est plus difficile pour lui.<\/p>\n<p><strong>Nos services<\/strong><\/p>\n<ul>\n<li>1 \u00e0 1<\/li>\n<li>En personne (notre local) ou En ligne<\/li>\n<\/ul>\n<h5 style=\"text-align: center;\" data-font-weight=\"300\">D\u00e9couvrez notre \u00e9quipe! <a href=\"https:\/\/toptutorat.com\/fr\/notre-equipe\/\">Cliquez ici<\/a><\/h5>\n<p>[\/vc_column_text][vc_empty_space]<a href=\"https:\/\/toptutorat.com\/fr\/formulaire-denregistrement-de-top-tutorat\/\" class=\"sc_button sc_button_square sc_button_style_filled sc_button_bg_link sc_button_size_small aligncenter\">S&rsquo;inscrire<\/a>[\/vc_column][\/vc_row][vc_row][vc_column][\/vc_column][\/vc_row][vc_row][vc_column][\/vc_column][\/vc_row]<\/p>\n<\/div>","protected":false},"excerpt":{"rendered":"<p>[vc_row css=\u00a0\u00bb.vc_custom_1672844508216{padding-top: 40px !important;padding-right: 20px !important;padding-bottom: 40px !important;padding-left: 20px !important;}\u00a0\u00bb][vc_column width=\u00a0\u00bb1\/2&Prime;][vc_gallery type=\u00a0\u00bbflexslider_slide\u00a0\u00bb interval=\u00a0\u00bb3&Prime; images=\u00a0\u00bb2788,1828,2790,1821,2779,1822,1823,2783,2781,1824,2792,2785,1825,1827&Prime; img_size=\u00a0\u00bblarge\u00a0\u00bb onclick=\u00a0\u00bb\u00a0\u00bb][\/vc_column][vc_column width=\u00a0\u00bb1\/2&Prime;][vc_custom_heading text=\u00a0\u00bbDes tuteurs qualifi\u00e9s pour travailler avec votre enfant\u00a0\u00bb font_container=\u00a0\u00bbtag:h2|font_size:30|text_align:left|color:%23006c98&Prime; google_fonts=\u00a0\u00bbfont_family:Roboto%3A100%2C100italic%2C300%2C300italic%2Cregular%2Citalic%2C500%2C500italic%2C700%2C700italic%2C900%2C900italic|font_style:700%20bold%20regular%3A700%3Anormal\u00a0\u00bb][vc_column_text] Nous sommes sp\u00e9cialis\u00e9s [&hellip;]<\/p>\n","protected":false},"author":1,"featured_media":0,"parent":0,"menu_order":0,"comment_status":"closed","ping_status":"closed","template":"","meta":{"footnotes":""},"class_list":["post-1954","page","type-page","status-publish","hentry"],"_links":{"self":[{"href":"https:\/\/toptutorat.com\/fr\/wp-json\/wp\/v2\/pages\/1954"}],"collection":[{"href":"https:\/\/toptutorat.com\/fr\/wp-json\/wp\/v2\/pages"}],"about":[{"href":"https:\/\/toptutorat.com\/fr\/wp-json\/wp\/v2\/types\/page"}],"author":[{"embeddable":true,"href":"https:\/\/toptutorat.com\/fr\/wp-json\/wp\/v2\/users\/1"}],"replies":[{"embeddable":true,"href":"https:\/\/toptutorat.com\/fr\/wp-json\/wp\/v2\/comments?post=1954"}],"version-history":[{"count":32,"href":"https:\/\/toptutorat.com\/fr\/wp-json\/wp\/v2\/pages\/1954\/revisions"}],"predecessor-version":[{"id":3127,"href":"https:\/\/toptutorat.com\/fr\/wp-json\/wp\/v2\/pages\/1954\/revisions\/3127"}],"wp:attachment":[{"href":"https:\/\/toptutorat.com\/fr\/wp-json\/wp\/v2\/media?parent=1954"}],"curies":[{"name":"wp","href":"https:\/\/api.w.org\/{rel}","templated":true}]}}