{"id":2092,"date":"2020-05-26T15:42:42","date_gmt":"2020-05-26T19:42:42","guid":{"rendered":"https:\/\/toptutorat.com\/summer-programs\/"},"modified":"2026-02-02T11:01:27","modified_gmt":"2026-02-02T16:01:27","slug":"programmes-dete","status":"publish","type":"page","link":"https:\/\/toptutorat.com\/fr\/programmes-dete\/","title":{"rendered":"Programmes d&rsquo;\u00e9t\u00e9"},"content":{"rendered":"<div class=\"wpb-content-wrapper\"><p>[vc_row layout=\u00a0\u00bbcontainer\u00a0\u00bb css=\u00a0\u00bb.vc_custom_1672844124452{padding-top: 40px !important;padding-right: 20px !important;padding-bottom: 40px !important;padding-left: 20px !important;}\u00a0\u00bb][vc_column width=\u00a0\u00bb1\/2&Prime;][vc_single_image image=\u00a0\u00bb3469&Prime; img_size=\u00a0\u00bbfull\u00a0\u00bb alignment=\u00a0\u00bbcenter\u00a0\u00bb style=\u00a0\u00bbvc_box_outline\u00a0\u00bb][\/vc_column][vc_column width=\u00a0\u00bb1\/2&Prime;][vc_column_text]<\/p>\n<h3>Programme de francisation!<\/h3>\n<p><\/p>\n<h4 style=\"text-align: center;\" data-font-weight=\"300\">NOUVEAU\ud83c\udf1f Option journ\u00e9e compl\u00e8te<br \/>\nFran\u00e7ais + Robotique (voir prochaine section)<\/h4>\n<p><\/p>\n<p class=\"remove-pad-bottom\" data-font-weight=\"300\">Semaines du 27 juillet au 21 ao\u00fbt \/ Lundi au vendredi (5 jours)<\/p>\n<ul class=\"list-ul\">\n<li>Pour les \u00e9l\u00e8ves de 5 \u00e0 9 ans<\/li>\n<li>Demi-journ\u00e9e : 9h00 \u00e0 12h00<\/li>\n<li>Petit groupe pour une approche personnalis\u00e9e<\/li>\n<li>Cadre d&rsquo;apprentissage amusant et dynamique<\/li>\n<li>Pour consolider les objectifs d&rsquo;apprentissage des 1er et 2e cycles<\/li>\n<li>Pour renforcer les habilet\u00e9s en lecture, \u00e9criture et \u00e0 l&rsquo;oral<\/li>\n<li>Instructeur qualifi\u00e9<\/li>\n<li>En pr\u00e9sentiel, \u00e0 la Plaza Pointe-Claire, Suite 210<\/li>\n<\/ul>\n<p><\/p>\n<p class=\"remove-pad-bottom\"><strong>Qu\u2019est-ce que c\u2019est ?<br \/>\nCe programme \u00e9ducatif, qui en est \u00e0 sa 8e ann\u00e9e, est con\u00e7u pour les \u00e9l\u00e8ves qui ont besoin de renforcer leurs comp\u00e9tences en fran\u00e7ais, en misant sur la communication, l\u2019enrichissement du vocabulaire et la consolidation des objectifs d&rsquo;apprentissage du cycle 1 et cycle 2 du primaire. Un programme visant \u00e0 aider les \u00e9l\u00e8ves \u00e0 retourner \u00e0 l\u2019\u00e9cole avec la confiance pour s\u2019exprimer et apprendre en fran\u00e7ais.<\/strong><\/p>\n<p><strong>\u2605 CALENDRIER \u2605<\/strong><\/p>\n<p>Francisation par l&rsquo;enrichissement du vocabulaire, des projets, des activit\u00e9s d&rsquo;apprentissage, des jeux \u00e9ducatif, ainsi que la r\u00e9vision des concepts du programme scolaire qu\u00e9b\u00e9cois en fran\u00e7ais !<\/p>\n<p><span style=\"text-decoration: underline;\">Semaine 1:<\/span>\u00a0 27 au 31 juillet<br \/><span style=\"text-decoration: underline;\">Semaine 2:<\/span>\u00a0 3 au 7 ao\u00fbt<br \/><span style=\"text-decoration: underline;\">Semaine 3:<\/span>\u00a0 10 au 14 ao\u00fbt<br \/><span style=\"text-decoration: underline;\">Semaine 4:<\/span>\u00a0 17 au 21 ao\u00fbt<\/p>\n<p>&nbsp;<\/p>\n<p style=\"text-align: left;\">Date limite pour s&rsquo;inscrire: <strong>15 mai, 2026<\/strong>.<\/p>\n<p><strong>Questions?<\/strong> \u00c9crivez-nous \u00e0 <strong><em>toptutorat@gmail.com<\/em><\/strong><\/p>\n<p>Cliquez <a href=\"https:\/\/toptutorat.com\/summer-french-program\/\"><strong>ici<\/strong><\/a>\u00a0pour s&rsquo;inscrire[\/vc_column_text][\/vc_column][\/vc_row][vc_row layout=\u00a0\u00bbcontainer\u00a0\u00bb css=\u00a0\u00bb.vc_custom_1672844132125{padding-top: 40px !important;padding-right: 20px !important;padding-bottom: 40px !important;padding-left: 20px !important;background-color: #e5e5e5 !important;}\u00a0\u00bb][vc_column width=\u00a0\u00bb1\/2&Prime;][vc_single_image image=\u00a0\u00bb3589&Prime; img_size=\u00a0\u00bbfull\u00a0\u00bb alignment=\u00a0\u00bbcenter\u00a0\u00bb style=\u00a0\u00bbvc_box_outline\u00a0\u00bb][\/vc_column][vc_column width=\u00a0\u00bb1\/2&Prime;][vc_column_text]<\/p>\n<h3>JEUNES ING\u00c9NIEURS! Programme de robotique et STIAM<\/h3>\n<p><\/p>\n<ul class=\"list-ul\">\n<li>Pour les \u00e9l\u00e8ves de 5 \u00e0 12 ans.<\/li>\n<li>Demi-journ\u00e9e: 13h00 \u00e0 16h00<\/li>\n<li>Construire des robots et des mod\u00e8les m\u00e9caniques.<\/li>\n<li>Codage, capteurs, moteurs et m\u00e9canismes d&rsquo;ing\u00e9nierie<\/li>\n<li>Renforcer la collaboration, la pens\u00e9e critique, la cr\u00e9ativit\u00e9 et les comp\u00e9tences en r\u00e9solution de probl\u00e8mes<\/li>\n<li>Instructeur sp\u00e9cialis\u00e9<\/li>\n<\/ul>\n<p><strong>\u2605 CALENDRIER \u2605<\/strong><\/p>\n<p><span style=\"text-decoration: underline;\">Semaine 1:<\/span>\u00a0 27 au 31 juillet<br \/><span style=\"text-decoration: underline;\">Semaine 2:<\/span>\u00a0 3 au 7 ao\u00fbt<br \/><span style=\"text-decoration: underline;\">Semaine 3:<\/span>\u00a0 10 au 14 ao\u00fbt<br \/><span style=\"text-decoration: underline;\">Semaine 4:<\/span>\u00a0 17 au 21 ao\u00fbt<\/p>\n<p style=\"text-align: left;\">Inscription \u00e0 la semaine<\/p>\n<h4 style=\"text-align: center;\">NOUVEAU \ud83c\udf1f Option journ\u00e9e compl\u00e8te<br \/>\nFrancisation + Robotique<\/h4>\n<p><\/p>\n<h4 style=\"text-align: center;\">Matin\u00e9e 9h00-12h00 :<br \/>\nFran\u00e7ais (Top-Tutorat)<\/h4>\n<p><\/p>\n<p style=\"text-align: center;\">Diner supervis\u00e9<\/p>\n<h4 style=\"text-align: center;\">Apr\u00e8s-midi 13h00-16h00 :<br \/>\nRobotique &amp; STIAM (Jeunes ing\u00e9nieurs)<\/h4>\n<p>Pour plus d&rsquo;information: infovaudreuil@youngengineers.org \/ <a href=\"http:\/\/vaudreuil-soulanges.youngengineers.org\/\" target=\"_blank\" rel=\"noopener\">vaudreuil-soulanges.youngengineers.org<\/a><\/p>\n<p>Cliquez <a href=\"https:\/\/toptutorat.com\/summer-french-program\/\"><strong>ici<\/strong><\/a>\u00a0pour s&rsquo;inscrire[\/vc_column_text][\/vc_column][\/vc_row][vc_row layout=\u00a0\u00bbcontainer\u00a0\u00bb css=\u00a0\u00bb.vc_custom_1672844148393{padding-top: 40px !important;padding-right: 20px !important;padding-bottom: 40px !important;padding-left: 20px !important;}\u00a0\u00bb][vc_column width=\u00a0\u00bb1\/2&Prime;][vc_single_image image=\u00a0\u00bb3479&Prime; img_size=\u00a0\u00bbfull\u00a0\u00bb alignment=\u00a0\u00bbcenter\u00a0\u00bb style=\u00a0\u00bbvc_box_outline\u00a0\u00bb][\/vc_column][vc_column width=\u00a0\u00bb1\/2&Prime;][vc_column_text]<\/p>\n<h3>Cours de pr\u00e9paration \u00e0 la rentr\u00e9e: Fran\u00e7ais et Math !<\/h3>\n<p><\/p>\n<div><strong>Juillet-Ao\u00fbt 2026<\/strong><\/div>\n<p><\/p>\n<div>\u2714 \u00a0 \u00a0 \u00a0 Petits groupes par cycle<br \/>\n\u2714\u00a0 \u00a0 \u00a0 \u00a02.5 heures par semaine<br \/>\n\u2714\u00a0 \u00a0 \u00a0 Apr\u00e8s-midis en semaine<br \/>\n\u2714\u00a0 \u00a0 \u00a0 Horaire fix\u00e9 apr\u00e8s la formation des groupes<br \/>\n\u2714\u00a0 \u00a0 \u00a0 Choisissez Math\u00e9matiques, Fran\u00e7ais ou les deux !<br \/>\n\u2714\u00a0 \u00a0 \u00a0 Instructeur qualifi\u00e9<\/div>\n<p><\/p>\n<div><\/div>\n<p><\/p>\n<div><strong>Inscription \u00e0 la semaine.<\/strong><\/div>\n<p><\/p>\n<p class=\"remove-pad-bottom\"><strong>Les cours d\u2019\u00e9t\u00e9 pr\u00e9parent les \u00e9l\u00e8ves \u00e0 la rentr\u00e9e scolaire !<\/strong><\/p>\n<p><strong>Cours de math\u00e9matiques<\/strong><br \/>Les \u00e9l\u00e8ves r\u00e9viseront les notions cl\u00e9s en math\u00e9matiques et d\u00e9velopperont leurs comp\u00e9tences en r\u00e9solution de probl\u00e8mes (situations d\u2019application).<\/p>\n<p><strong>Cours de fran\u00e7ais<\/strong><br \/>Les \u00e9l\u00e8ves r\u00e9viseront les notions cl\u00e9s en grammaire, travailleront la compr\u00e9hension en lecture et l\u2019\u00e9criture.<\/p>\n<p>Cliquez <a href=\"https:\/\/toptutorat.com\/cours-dete\/\"><strong>ici<\/strong> <\/a>pour vous inscrire[\/vc_column_text][\/vc_column][\/vc_row][vc_row layout=\u00a0\u00bbcontainer\u00a0\u00bb css=\u00a0\u00bb.vc_custom_1672844132125{padding-top: 40px !important;padding-right: 20px !important;padding-bottom: 40px !important;padding-left: 20px !important;background-color: #e5e5e5 !important;}\u00a0\u00bb][vc_column width=\u00a0\u00bb1\/2&Prime;][vc_single_image image=\u00a0\u00bb2140&Prime; img_size=\u00a0\u00bbfull\u00a0\u00bb alignment=\u00a0\u00bbcenter\u00a0\u00bb style=\u00a0\u00bbvc_box_outline\u00a0\u00bb][\/vc_column][vc_column width=\u00a0\u00bb1\/2&Prime;][vc_column_text]<\/p>\n<h3>Science Yourself! Programme NASA<\/h3>\n<p><\/p>\n<ul class=\"list-ul\">\n<li>Pour les \u00e9tudiants \u00e2g\u00e9s de 6 \u00e0 11 ans<\/li>\n<li>Programme scientifique de la NASA<\/li>\n<li>Instructeur certifi\u00e9 de la NASA<\/li>\n<li>\u00c0 la Plaza Pointe-Claire, bureau 210<\/li>\n<\/ul>\n<p>Pour plus d\u2019informations : dphillipsaerospace@gmail.com \/ <a href=\"http:\/\/dianeaphillips.com\/\">dianeaphillips.com<\/a>[\/vc_column_text][\/vc_column][\/vc_row][vc_row layout=\u00a0\u00bbcontainer\u00a0\u00bb css=\u00a0\u00bb.vc_custom_1672844148393{padding-top: 40px !important;padding-right: 20px !important;padding-bottom: 40px !important;padding-left: 20px !important;}\u00a0\u00bb][vc_column width=\u00a0\u00bb1\/2&Prime;][vc_single_image image=\u00a0\u00bb2133&Prime; img_size=\u00a0\u00bbfull\u00a0\u00bb alignment=\u00a0\u00bbcenter\u00a0\u00bb style=\u00a0\u00bbvc_box_outline\u00a0\u00bb][\/vc_column][vc_column width=\u00a0\u00bb1\/2&Prime;][vc_column_text]<\/p>\n<h3>Pr\u00e9paration aux examens d\u2019admission au secondaire<\/h3>\n<p><\/p>\n<p style=\"text-align: left;\" data-font-weight=\"300\"><strong>Pour les \u00e9coles francophones UNIQUEMENT.<\/strong><\/p>\n<p><\/p>\n<p class=\"remove-pad-bottom\" data-font-weight=\"300\">Calendrier : Juillet et ao\u00fbt 2026<\/p>\n<ul class=\"list-ul\">\n<li>Pour les \u00e9l\u00e8ves de 5e et 6e ann\u00e9e<\/li>\n<li>Pr\u00e9paration aux examens d\u2019admission des \u00e9coles secondaires priv\u00e9es et publiques<\/li>\n<li><strong>Le\u00e7ons priv\u00e9es<\/strong><\/li>\n<li>Tuteur qualifi\u00e9<\/li>\n<li>Virtuel ou en personne<\/li>\n<\/ul>\n<p><\/p>\n<p data-font-weight=\"300\"><strong>Forfait de 10 heures : 450$ \/ Forfait de 6 heures : 300$ \/ Tarif horaire : 55$\/\u00a0\u00a0<\/strong><\/p>\n<p><\/p>\n<p class=\"remove-pad-bottom\"><strong>Les s\u00e9ances pr\u00e9pareront les \u00e9l\u00e8ves pour les sections de l\u2019examen qui portent sur le fran\u00e7ais, les math\u00e9matiques et les entrevues.<\/strong><\/p>\n<p>Courriel pour s\u2019inscrire : toptutorat@gmail.com[\/vc_column_text][\/vc_column][\/vc_row]<\/p>\n<\/div>","protected":false},"excerpt":{"rendered":"<p>[vc_row layout=\u00a0\u00bbcontainer\u00a0\u00bb css=\u00a0\u00bb.vc_custom_1672844124452{padding-top: 40px !important;padding-right: 20px !important;padding-bottom: 40px !important;padding-left: 20px !important;}\u00a0\u00bb][vc_column width=\u00a0\u00bb1\/2&Prime;][vc_single_image image=\u00a0\u00bb3469&Prime; img_size=\u00a0\u00bbfull\u00a0\u00bb alignment=\u00a0\u00bbcenter\u00a0\u00bb style=\u00a0\u00bbvc_box_outline\u00a0\u00bb][\/vc_column][vc_column width=\u00a0\u00bb1\/2&Prime;][vc_column_text] Programme de francisation! NOUVEAU\ud83c\udf1f Option journ\u00e9e compl\u00e8te Fran\u00e7ais + Robotique (voir prochaine section) [&hellip;]<\/p>\n","protected":false},"author":1,"featured_media":0,"parent":0,"menu_order":0,"comment_status":"closed","ping_status":"closed","template":"","meta":{"footnotes":""},"class_list":["post-2092","page","type-page","status-publish","hentry"],"_links":{"self":[{"href":"https:\/\/toptutorat.com\/fr\/wp-json\/wp\/v2\/pages\/2092"}],"collection":[{"href":"https:\/\/toptutorat.com\/fr\/wp-json\/wp\/v2\/pages"}],"about":[{"href":"https:\/\/toptutorat.com\/fr\/wp-json\/wp\/v2\/types\/page"}],"author":[{"embeddable":true,"href":"https:\/\/toptutorat.com\/fr\/wp-json\/wp\/v2\/users\/1"}],"replies":[{"embeddable":true,"href":"https:\/\/toptutorat.com\/fr\/wp-json\/wp\/v2\/comments?post=2092"}],"version-history":[{"count":44,"href":"https:\/\/toptutorat.com\/fr\/wp-json\/wp\/v2\/pages\/2092\/revisions"}],"predecessor-version":[{"id":3593,"href":"https:\/\/toptutorat.com\/fr\/wp-json\/wp\/v2\/pages\/2092\/revisions\/3593"}],"wp:attachment":[{"href":"https:\/\/toptutorat.com\/fr\/wp-json\/wp\/v2\/media?parent=2092"}],"curies":[{"name":"wp","href":"https:\/\/api.w.org\/{rel}","templated":true}]}}