{"id":2832,"date":"2023-02-08T14:57:59","date_gmt":"2023-02-08T19:57:59","guid":{"rendered":"https:\/\/toptutorat.com\/?page_id=2832"},"modified":"2023-08-10T18:50:41","modified_gmt":"2023-08-10T22:50:41","slug":"orthopedagogie-learning-specialist","status":"publish","type":"page","link":"https:\/\/toptutorat.com\/fr\/orthopedagogie-learning-specialist\/","title":{"rendered":"Orthop\u00e9dagogie"},"content":{"rendered":"<div class=\"wpb-content-wrapper\"><p>[vc_row][vc_column width=\u00a0\u00bb1\/2&Prime;][vc_single_image image=\u00a0\u00bb3069&Prime; img_size=\u00a0\u00bbfull\u00a0\u00bb][\/vc_column][vc_column width=\u00a0\u00bb1\/2&Prime;][vc_custom_heading text=\u00a0\u00bbOrthop\u00e9dagogie\u00a0\u00bb font_container=\u00a0\u00bbtag:h2|font_size:30|text_align:left|color:%23006c98&Prime; google_fonts=\u00a0\u00bbfont_family:Roboto%3A100%2C100italic%2C300%2C300italic%2Cregular%2Citalic%2C500%2C500italic%2C700%2C700italic%2C900%2C900italic|font_style:700%20bold%20regular%3A700%3Anormal\u00a0\u00bb][vc_column_text]<\/p>\n<h5 class=\"remove-pad-bottom\" data-font-weight=\"300\">Pour les \u00e9tudiants ayant des troubles d&rsquo;apprentissage<\/h5>\n<ul class=\"list-ul\">\n<li>Dyslexie. Difficult\u00e9 \u00e0 identifier les mots dans la lecture.<\/li>\n<li>Dysorthographie. Trouble de l&rsquo;acquisition de l&rsquo;orthographe.<\/li>\n<li>Dyscalculie. Trouble de l&rsquo;activit\u00e9 num\u00e9rique.<\/li>\n<li>TDL. Troubles du d\u00e9veloppement du langage.<\/li>\n<li>Dyspraxie. Trouble du d\u00e9veloppement de la coordination.<\/li>\n<\/ul>\n<p>L&rsquo;orthop\u00e9dagogie c&rsquo;est de travailler avec un professionnel qui traite les \u00e9l\u00e8ves ayant besoin de strat\u00e9gies d&rsquo;apprentissage adapt\u00e9es \u00e0 leurs besoins. Il s&rsquo;agit d&rsquo;un service destin\u00e9 aux \u00e9l\u00e8ves qui risquent de d\u00e9velopper des retards scolaires et \u00e0 ceux qui ont un trouble d&rsquo;apprentissage diagnostiqu\u00e9. L&rsquo;objectif est d&rsquo;\u00e9valuer les connaissances, les strat\u00e9gies et les processus cognitifs de l&rsquo;\u00e9l\u00e8ve, afin d&rsquo;obtenir une image globale de ses capacit\u00e9s et de ses d\u00e9fis, et de transmettre \u00e0 l&rsquo;apprenant des strat\u00e9gies sp\u00e9cifiques et efficaces. L&rsquo;orthop\u00e9dagogue lit les rapports des sp\u00e9cialistes (orthophoniste, neuropsychologue, ergoth\u00e9rapeute, etc.) afin de mettre en \u0153uvre les recommandations propos\u00e9es.<\/p>\n<p><strong>Nos services<\/strong><\/p>\n<ul>\n<li>1 \u00e0 1<\/li>\n<li>En personne (notre local) ou En ligne<\/li>\n<li>Les premi\u00e8res s\u00e9ances sont consacr\u00e9es \u00e0 des \u00e9valuations en lecture, en \u00e9criture ou en math\u00e9matiques afin de d\u00e9terminer le niveau de l&rsquo;\u00e9l\u00e8ve.<\/li>\n<\/ul>\n<p><em>**Veuillez noter. Nous ne fournissons pas de diagnostic pour les troubles de l&rsquo;apprentissage.\u00a0<\/em>[\/vc_column_text][\/vc_column][\/vc_row][vc_row][vc_column width=\u00a0\u00bb1\/4&Prime;][\/vc_column][vc_column width=\u00a0\u00bb1\/2&Prime;][vc_empty_space][vc_column_text]<\/p>\n<h4 class=\"remove-pad-bottom\" data-font-weight=\"300\">Orthop\u00e9dagogie ou Tutorat : lequel choisir pour mon enfant ?<\/h4>\n<p>[\/vc_column_text][\/vc_column][vc_column width=\u00a0\u00bb1\/4&Prime;][\/vc_column][\/vc_row][vc_row][vc_column width=\u00a0\u00bb1\/4&Prime;][\/vc_column][vc_column width=\u00a0\u00bb1\/4&Prime;][vc_column_text]<\/p>\n<h5>Le tutorat:<\/h5>\n<p>Il s&rsquo;agit d&rsquo;une forme d&rsquo;aide personnalis\u00e9e pour accompagner l&rsquo;enfant dans son travail scolaire. Le r\u00f4le du tuteur est plus ax\u00e9 sur le contenu \u00e0 apprendre que sur les m\u00e9thodes d&rsquo;apprentissage de l&rsquo;\u00e9l\u00e8ve. L&rsquo;objectif est d&rsquo;aider votre enfant \u00e0 suivre le rythme de la classe en lui permettant de revoir et de consolider ce qui est plus difficile pour lui.[\/vc_column_text][\/vc_column][vc_column width=\u00a0\u00bb1\/4&Prime;][vc_column_text]<\/p>\n<h5>Orthop\u00e9dagogie:<\/h5>\n<p>Il s&rsquo;agit d&rsquo;un professionnel qui pr\u00e9vient, d\u00e9piste et \u00e9value les difficult\u00e9s des \u00e9l\u00e8ves \u00e0 risque et de ceux qui ont un trouble de l&rsquo;apprentissage. Ce service est destin\u00e9 aux \u00e9l\u00e8ves qui ont un retard important par rapport \u00e0 leur niveau scolaire en lecture, en \u00e9criture et en math\u00e9matiques.[\/vc_column_text][\/vc_column][vc_column width=\u00a0\u00bb1\/4&Prime;][\/vc_column][\/vc_row][vc_row][vc_column width=\u00a0\u00bb1\/3&Prime;][vc_empty_space][\/vc_column][vc_column width=\u00a0\u00bb1\/3&Prime;][vc_empty_space]<a href=\"https:\/\/toptutorat.com\/fr\/formulaire-denregistrement-de-top-tutorat\/\" class=\"sc_button sc_button_square sc_button_style_filled sc_button_bg_link sc_button_size_small aligncenter\">S&rsquo;inscrire<\/a>[vc_empty_space][\/vc_column][vc_column width=\u00a0\u00bb1\/3&Prime;][vc_empty_space][\/vc_column][\/vc_row]<\/p>\n<\/div>","protected":false},"excerpt":{"rendered":"<p>[vc_row][vc_column width=\u00a0\u00bb1\/2&Prime;][vc_single_image image=\u00a0\u00bb3069&Prime; img_size=\u00a0\u00bbfull\u00a0\u00bb][\/vc_column][vc_column width=\u00a0\u00bb1\/2&Prime;][vc_custom_heading text=\u00a0\u00bbOrthop\u00e9dagogie\u00a0\u00bb font_container=\u00a0\u00bbtag:h2|font_size:30|text_align:left|color:%23006c98&Prime; google_fonts=\u00a0\u00bbfont_family:Roboto%3A100%2C100italic%2C300%2C300italic%2Cregular%2Citalic%2C500%2C500italic%2C700%2C700italic%2C900%2C900italic|font_style:700%20bold%20regular%3A700%3Anormal\u00a0\u00bb][vc_column_text] Pour les \u00e9tudiants ayant des troubles d&rsquo;apprentissage Dyslexie. Difficult\u00e9 \u00e0 identifier les mots dans la lecture. Dysorthographie. Trouble de l&rsquo;acquisition de l&rsquo;orthographe. [&hellip;]<\/p>\n","protected":false},"author":2,"featured_media":0,"parent":0,"menu_order":0,"comment_status":"closed","ping_status":"closed","template":"","meta":{"footnotes":""},"class_list":["post-2832","page","type-page","status-publish","hentry"],"_links":{"self":[{"href":"https:\/\/toptutorat.com\/fr\/wp-json\/wp\/v2\/pages\/2832"}],"collection":[{"href":"https:\/\/toptutorat.com\/fr\/wp-json\/wp\/v2\/pages"}],"about":[{"href":"https:\/\/toptutorat.com\/fr\/wp-json\/wp\/v2\/types\/page"}],"author":[{"embeddable":true,"href":"https:\/\/toptutorat.com\/fr\/wp-json\/wp\/v2\/users\/2"}],"replies":[{"embeddable":true,"href":"https:\/\/toptutorat.com\/fr\/wp-json\/wp\/v2\/comments?post=2832"}],"version-history":[{"count":113,"href":"https:\/\/toptutorat.com\/fr\/wp-json\/wp\/v2\/pages\/2832\/revisions"}],"predecessor-version":[{"id":3144,"href":"https:\/\/toptutorat.com\/fr\/wp-json\/wp\/v2\/pages\/2832\/revisions\/3144"}],"wp:attachment":[{"href":"https:\/\/toptutorat.com\/fr\/wp-json\/wp\/v2\/media?parent=2832"}],"curies":[{"name":"wp","href":"https:\/\/api.w.org\/{rel}","templated":true}]}}